{"id":3102,"date":"2025-02-03T14:39:08","date_gmt":"2025-02-03T14:39:08","guid":{"rendered":"https:\/\/tzyxhz.com\/?post_type=product&#038;p=3102"},"modified":"2025-02-03T14:39:08","modified_gmt":"2025-02-03T14:39:08","slug":"%e5%b7%a5%e4%bd%9c%e6%9c%8d%e6%b0%b4%e6%b4%97%e6%9c%ba","status":"publish","type":"product","link":"https:\/\/tzyxhz.com\/ru\/shop-2\/gzfsxsb\/%e5%b7%a5%e4%bd%9c%e6%9c%8d%e6%b0%b4%e6%b4%97%e6%9c%ba\/","title":{"rendered":"\u5de5\u4f5c\u670d\u6c34\u6d17\u673a"},"content":{"rendered":"<p>\u25b2 \u672c\u5168\u81ea\u52a8\u6d17\u8131\u673a\u91c7\u7528\u8d85\u5927\u6db2\u6676\u663e\u793a\u5c4f\u4e2d\u6587\u7535\u8111\u8fdb\u884c\u5168\u7a0b\u63a7\u5236\uff0e\u5e76\u4ee5\u4e2d\u6587\u663e\u793a\u5f62\u5f0f\u5b9e\u73b0\u4eba\u673a\u5bf9\u8bdd\uff0c\u5177\u6709\u7ed3\u6784\u7b80\u4fbf\u3001\u51c6 \u786e\u65e0\u8bef\u3001\u6027\u80fd\u7a33\u5b9a\u53ef\u9760\u7684\u7279\u70b9\u3002 \u25b2 \u4e0d\u9508\u94a2\u9762\u677f\u3001\u5185\u6876\u3001\u5916\u6876\u7ed3\u6784\uff0c\u8010\u8150\u6027\u80fd\u9ad8\uff0c\u4e0d\u6c61\u67d3\u88ab\u6d17\u7ec7\u7269(\u9762\u677f\u91c7\u7528\u4e0d\u9508\u94a2\u78e8\u7802\u677f\u5236\u4f5c\uff0c\u66f4\u663e \u5f97\u5bcc\u4e3d\u5802\u7687)\u3002 \u25b2 \u91c7\u7528\u53d8\u9891\u8c03\u901f\u7cfb\u7edf\uff0c\u5177\u6709\u542f\u52a8\u7535\u6d41\u5c0f\u3001\u8017\u80fd\u4f4e\u3001\u8fd0\u8f6c\u5e73\u7a33\uff0c\u56e0\u800c\u53ea\u9700\u7528\u4e00\u7ea7\u80f6\u5e26\u4f20\u52a8\u3002\u5177\u6709\u8c03\u901f\u5e73\u6ed1\u5747\u5300\u3002 \u25b2 \u5168\u60ac\u6d6e\u8d85\u4f4e\u9707\u52a8\uff1a\u5168\u60ac\u6d6e\u7ed3\u6784\u5e76\u914d\u7f6e\u963b\u5c3c\u7f13\u51b2\u7cfb\u7edf\uff0c\u4f7f\u5f97\u6574\u673a\u7684\u51cf\u9707\u7387\u9ad8\u8fbe95\uff05\u4ee5\u4e0a\uff0c\u53ef\u5b89\u88c5\u5728\u697c\u5c42\u4e0a\u4f7f\u7528\u3002 \u25b2 \u672c\u5168\u81ea\u52a8\u6d17\u8131\u673a\u5177\u6709\u591a\u9879\u663e\u793a\u3001\u62a5\u8b66\u3001\u68c0\u6d4b\u529f\u80fd\uff0c\u4fbf\u4e8e\u673a\u5668\u7ef4\u62a4\uff0c\u5b89\u5168\u53ca\u5236\u52a8\u88c5\u7f6e\u5e94\u7528\u4f7f\u6574\u673a\u6027\u80fd\u66f4\u52a0\u5b8c\u5584\u3002 \u25b2 \u5177\u6709\u6d17\u51c0\u5ea6\u9ad8\u3001\u8131\u6c34\u7387\u9ad8\u3001\u80fd\u8017\u4f4e\u3001\u52b3\u52a8\u5f3a\u5ea6\u5c0f\u3001\u6548\u7387\u9ad8\u3001\u5bf9\u7ec7\u7269\u78e8\u635f\u4f4e\u3002 \u25b2 \u9002\u7528\u4e8e\u5bbe\u9986\u3001\u9152\u5e97\u3001\u9662\u6821\u3001\u62db\u5f85\u6240\u3001\u533b\u9662\u3001\u6d17\u8863\u5382\u3001\u6d17\u8863\u623f\u7b49\u884c\u4e1a\u6d17\u6da4\u68c9\u3001\u6bdb\u3001\u9ebb\u3001\u5316\u7ea4\u7b49\u670d\u88c5\u548c\u7ec7\u7269\u3002 \u25b2 \u53ef\u4e3a\u7528\u6237\u5b9a\u5236\u7535\u52a0\u70ed\u65b9\u5f0f(\u5c0f\u89c4\u683c\u578b\u53f7\u673a\u578b)\u7701\u53bb\u65e0\u84b8\u6c7d\u6e90\u4e4b\u5fe7\u3002<\/p>\n<p>\u578b\u53f7XGO-1OOFAXGQ-70FAXGO-50FAXGQ-30FAXGQ-20FAXGQ-15FA\u989d\u5b9a\u5bb9\u91cfkg1007050302015\u6eda\u7b52\u5bb9\u79efL960675508292210155\u7535\u673a\u529f\u7387kw117.55.5432.2\u6bcf\u8f66\u8017\u6c34\u666f\u7ea6kg1800125012001000600300\u6bcf\u8f66\u8017\u6c7d\u91cf\u7ea6kg504530201815\u6bcf\u8f66\u8017\u7535\u91cf\u7ea6kg3.22.82.11.51.413\u7535\u6e90V380V\uff0f50Hz\u4e09\u76f8\u56db\u7ebf\u5236\u5916\u5f62\u5c3a\u5bf8(\u957f\u3001\u5bbd\u3001\u9ad8)mm1680\u00d71900\u00d719001450\u00d71850\u00d718001350\u00d71520\u00d718951235\u00d71295\u00d717481100\u00d71150\u00d716001000\u00d71050\u00d71600\u6574\u673a\u91cd\u91cf\u7ea6kg30002600178514851000800<\/p>","protected":false},"excerpt":{"rendered":"<p>\u25b2 \u672c\u5168\u81ea\u52a8\u6d17\u8131\u673a\u91c7\u7528\u8d85\u5927\u6db2\u6676\u663e\u793a\u5c4f\u4e2d\u6587\u7535\u8111\u8fdb\u884c\u5168\u7a0b\u63a7\u5236\uff0e\u5e76\u4ee5\u4e2d\u6587\u663e\u793a\u5f62\u5f0f\u5b9e\u73b0\u4eba\u673a\u5bf9\u8bdd\uff0c\u5177\u6709\u7ed3\u6784\u7b80\u4fbf\u3001\u51c6 \u786e\u65e0\u8bef\u3001\u6027\u80fd\u7a33\u5b9a\u53ef\u9760\u7684\u7279\u70b9\u3002<\/p>\n<div class=\"wpforms-container\" id=\"wpforms-561\">\n<form id=\"wpforms-form-561\" class=\"wpforms-validate wpforms-form wpforms-ajax-form\" data-formid=\"561\" method=\"post\" enctype=\"multipart\/form-data\" action=\"\/wp-json\/wp\/v2\/product\/3102\" data-token=\"b6dcc9e82ec8555f8fad79b427942c28\" data-token-time=\"1779004250\" data-trp-original-action=\"\/ru\/wp-json\/wp\/v2\/product\/3102\"><noscript class=\"wpforms-error-noscript\">\u0414\u043b\u044f \u0437\u0430\u043f\u043e\u043b\u043d\u0435\u043d\u0438\u044f \u0434\u0430\u043d\u043d\u043e\u0439 \u0444\u043e\u0440\u043c\u044b \u0432\u043a\u043b\u044e\u0447\u0438\u0442\u0435 JavaScript \u0432 \u0431\u0440\u0430\u0443\u0437\u0435\u0440\u0435.<\/noscript><\/p>\n<div class=\"wpforms-field-container\">\n<div id=\"wpforms-561-field_0-container\" class=\"wpforms-field wpforms-field-name\" data-field-id=\"0\"><label class=\"wpforms-field-label\" for=\"wpforms-561-field_0\">\u0438\u043c\u044f \u0438 \u0444\u0430\u043c\u0438\u043b\u0438\u044f <span class=\"wpforms-required-label\">*<\/span><\/label><input type=\"text\" id=\"wpforms-561-field_0\" class=\"wpforms-field-large wpforms-field-required\" name=\"wpforms[fields][0]\" required><\/div>\n<div id=\"wpforms-561-field_5-container\" class=\"wpforms-field wpforms-field-text\" data-field-id=\"5\"><label class=\"wpforms-field-label\" for=\"wpforms-561-field_5\">\u0442\u0435\u043b\u0435\u0444\u043e\u043d\u044b <span class=\"wpforms-required-label\">*<\/span><\/label><input type=\"text\" id=\"wpforms-561-field_5\" class=\"wpforms-field-large wpforms-field-required\" name=\"wpforms[fields][5]\" required><\/div>\n<div id=\"wpforms-561-field_1-container\" class=\"wpforms-field wpforms-field-email\" data-field-id=\"1\"><label class=\"wpforms-field-label\" for=\"wpforms-561-field_1\">\u042d\u043b\u0435\u043a\u0442\u0440\u043e\u043d\u043d\u0430\u044f \u043f\u043e\u0447\u0442\u0430  <span class=\"wpforms-required-label\">*<\/span><\/label><input type=\"email\" id=\"wpforms-561-field_1\" class=\"wpforms-field-large wpforms-field-required\" name=\"wpforms[fields][1]\" spellcheck=\"false\" required><\/div>\n<div id=\"wpforms-561-field_3-container\" class=\"wpforms-field wpforms-field-text\" data-field-id=\"3\"><label class=\"wpforms-field-label\" for=\"wpforms-561-field_3\">\u0438\u0441\u0445\u043e\u0434\u043d\u0430\u044f \u0441\u0442\u0440\u0430\u043d\u0438\u0446\u0430<\/label><input type=\"text\" id=\"wpforms-561-field_3\" class=\"wpforms-field-large\" name=\"wpforms[fields][3]\" value=\"https:\/\/tzyxhz.com\/ru\/wp-json\/wp\/v2\/product\/3102 \uff0c\u60a8\u7684IP\u662f216.73.216.105\" ><\/div>\n<div id=\"wpforms-561-field_2-container\" class=\"wpforms-field wpforms-field-textarea\" data-field-id=\"2\"><label class=\"wpforms-field-label\" for=\"wpforms-561-field_2\">\u041f\u043e\u0434\u0440\u043e\u0431\u043d\u043e\u0441\u0442\u0438 <span class=\"wpforms-required-label\">*<\/span><\/label><textarea id=\"wpforms-561-field_2\" class=\"wpforms-field-large wpforms-field-required\" name=\"wpforms[fields][2]\" required><\/textarea><\/div>\n<\/div>\n<p><!-- .wpforms-field-container --><\/p>\n<div class=\"wpforms-submit-container\" ><input type=\"hidden\" name=\"wpforms[id]\" value=\"561\"><input type=\"hidden\" name=\"page_title\" value=\"\"><input type=\"hidden\" name=\"page_url\" value=\"https:\/\/tzyxhz.com\/ru\/wp-json\/wp\/v2\/product\/3102\"><button type=\"submit\" name=\"wpforms[submit]\" id=\"wpforms-submit-561\" class=\"wpforms-submit\" data-alt-text=\"\u8868\u5355\u6b63\u5728\u63d0\u4ea4\u4e2d...\" data-submit-text=\"\u63d0\u4ea4\u8868\u5355\" aria-live=\"assertive\" value=\"wpforms-submit\">\u041e\u0442\u043f\u0440\u0430\u0432\u0438\u0442\u044c \u0444\u043e\u0440\u043c\u0443<\/button><img decoding=\"async\" src=\"https:\/\/tzyxhz.com\/wp-content\/plugins\/wpforms-lite\/assets\/images\/submit-spin.svg\" class=\"wpforms-submit-spinner\" style=\"display: none;\" width=\"26\" height=\"26\" alt=\"\u0417\u0430\u0433\u0440\u0443\u0437\u043a\u0430\"><\/div>\n<input type=\"hidden\" name=\"trp-form-language\" value=\"ru\"\/><\/form>\n<\/div>\n<p>  <!-- .wpforms-container --><\/p>","protected":false},"featured_media":3104,"template":"","meta":[],"product_brand":[],"product_cat":[44],"product_tag":[],"class_list":{"0":"post-3102","1":"product","2":"type-product","3":"status-publish","4":"has-post-thumbnail","6":"product_cat-gzfsxsb","8":"first","9":"instock","10":"shipping-taxable","11":"product-type-simple"},"_links":{"self":[{"href":"https:\/\/tzyxhz.com\/ru\/wp-json\/wp\/v2\/product\/3102","targetHints":{"allow":["GET"]}}],"collection":[{"href":"https:\/\/tzyxhz.com\/ru\/wp-json\/wp\/v2\/product"}],"about":[{"href":"https:\/\/tzyxhz.com\/ru\/wp-json\/wp\/v2\/types\/product"}],"wp:featuredmedia":[{"embeddable":true,"href":"https:\/\/tzyxhz.com\/ru\/wp-json\/wp\/v2\/media\/3104"}],"wp:attachment":[{"href":"https:\/\/tzyxhz.com\/ru\/wp-json\/wp\/v2\/media?parent=3102"}],"wp:term":[{"taxonomy":"product_brand","embeddable":true,"href":"https:\/\/tzyxhz.com\/ru\/wp-json\/wp\/v2\/product_brand?post=3102"},{"taxonomy":"product_cat","embeddable":true,"href":"https:\/\/tzyxhz.com\/ru\/wp-json\/wp\/v2\/product_cat?post=3102"},{"taxonomy":"product_tag","embeddable":true,"href":"https:\/\/tzyxhz.com\/ru\/wp-json\/wp\/v2\/product_tag?post=3102"}],"curies":[{"name":"wp","href":"https:\/\/api.w.org\/{rel}","templated":true}]}}