{"id":3077,"date":"2025-02-03T14:12:10","date_gmt":"2025-02-03T14:12:10","guid":{"rendered":"https:\/\/tzyxhz.com\/?post_type=product&#038;p=3077"},"modified":"2025-02-03T14:12:10","modified_gmt":"2025-02-03T14:12:10","slug":"gx%ef%bc%8d%e5%85%a8%e8%87%aa%e5%8a%a8%e5%b9%b2%e6%b4%97%e6%9c%ba","status":"publish","type":"product","link":"https:\/\/tzyxhz.com\/ja\/shop-2\/qzdgxjgx\/gx%ef%bc%8d%e5%85%a8%e8%87%aa%e5%8a%a8%e5%b9%b2%e6%b4%97%e6%9c%ba\/","title":{"rendered":"GX\uff0d\u5168\u81ea\u52a8\u5e72\u6d17\u673a"},"content":{"rendered":"<p>\u89c4\u683cGX-6GX-8GX-10\u7535\u538bV220220380\/220\u6d17\u6da4\u5bb9\u91cfkg6810\u6eda\u7b52\u5bb9\u79efL100150180\u6e05\u6d17\u901f\u5ea6rpm\/min484848\u7529\u5e72\u901f\u5ea6rpm\/min480480480\u8863\u670d\u6d17\u6da4\u65f6\u95f4min10-1510-1510-15\u70d8\u5e72\u65f6\u95f4min45-6045-6045-60\u84b8\u998f\u901f\u5ea6kg\/h608098\u5b89\u88c5\u529f\u7387kw384561\u6d17\u6da4\u6db2C2CI4C2CI4C2CI4\u566a\u58f0dB(A)\u226475\u226475\u226475\u6574\u673a\u91cd\u91cf\u7ea6kg85012001300\u5916\u5f62\u5c3a\u5bf8mm1350\u00d71000\u00d78001500\u00d71100\u00d71800800\u00d71200&#215;800\u89c4\u683cGXP-6GXP-8GXP-10GXP-120\u7535\u538bV220380\/220380\/220380\/220\u6d17\u6da4\u5bb9\u91cfkg681012\u6eda\u7b52\u5bb9\u79efL100150180200\u76ae\u8863\u6e05\u6d17\u901f\u5ea6rpm\/min35353535\u76ae\u8863\u7529\u5e72\u901f\u5ea6rpm\/min350350350350\u76ae\u8863\u6eb6\u5242\u6e29\u5ea6\u210310-1510-1510-1510-15\u8863\u670d\u6d17\u6da4\u65f6\u95f4min5-85-85-85-8\u70d8\u5e72\u65f6\u95f4min60-8060-9060-9060-90\u84b8\u998f\u901f\u5ea6kg\/h608098120\u5b89\u88c5\u529f\u7387kw4.24.26.18.2\u6d17\u6da4\u6db2C2CI4+PELL-SOAP\u566a\u58f0dB(A)\u226475\u226475\u226475\u226475\u6574\u673a\u91cd\u91cf\u7ea6kg850120013501500\u5916\u5f62\u5c3a\u5bf8mm1.56\u00d71.05\u00d71.81.8\u00d71.05\u00d71.81.8\u00d71.1\u00d7l.81.8\u00d71.3\u00d71.95\u25b2\u7535\u8111\u63a7\u5236\u3001\u5168\u81ea\u52a8\u3001\u64cd\u4f5c\u7b80\u6613\u3001\u6d17\u51c0\u7387\u9ad8\u3002<br \/>\n\u25b2\u84b8\u6c7d\u6216\u7535\u52a0\u70ed\u3001\u70d8\u5e72\u6548\u679c\u597d\u3002<br \/>\n\u25b2\u6d17\u6da4\u5242\u56de\u6536\u7387\u9ad8\u3002<br \/>\n\u25b2\u6d17\u6da4\u5462\u7ed2\u3001\u7ef8\u7f0e\u3001\u5316\u7ea4\u3001\u88d8\u76ae\u3001\u7fbd\u6bdb\u3001\u68c9\u7ec7\u7269\u7b49\u4e0d\u635f\u4f24\u3001\u4e0d\u892a\u8272\u3001\u4e0d\u76b1\u7f29\u3001\u9632\u866b\u86c0\u3002<br \/>\n\u25b2\u5e7f\u6cdb\u9002\u7528\u4e8e\u5bbe\u9986\u3001\u9152\u5e97\u3001\u5e72\u6d17\u5e97\u3001\u533b\u9662\u3001\u5de5\u77ff\u4f01\u4e1a\u3001\u90e8\u961f\u3001\u673a\u573a\u3001\u8fdc\u6d0b\u5ba2\u8f6e\u3002<\/p>","protected":false},"excerpt":{"rendered":"<p>\u25b2\u84b8\u6c7d\u6216\u7535\u52a0\u70ed\u3001\u70d8\u5e72\u6548\u679c\u597d\u3002<br \/>\n\u25b2\u6d17\u6da4\u5242\u56de\u6536\u7387\u9ad8\u3002<br \/>\n\u25b2\u6d17\u6da4\u5462\u7ed2\u3001\u7ef8\u7f0e\u3001\u5316\u7ea4\u3001\u88d8\u76ae\u3001\u7fbd\u6bdb\u3001\u68c9\u7ec7\u7269\u7b49\u4e0d\u635f\u4f24\u3001\u4e0d\u892a\u8272\u3001\u4e0d\u76b1\u7f29\u3001\u9632\u866b\u86c0\u3002<\/p>\n<div class=\"wpforms-container\" id=\"wpforms-561\">\n<form id=\"wpforms-form-561\" class=\"wpforms-validate wpforms-form wpforms-ajax-form\" data-formid=\"561\" method=\"post\" enctype=\"multipart\/form-data\" action=\"\/wp-json\/wp\/v2\/product\/3077\" data-token=\"b6dcc9e82ec8555f8fad79b427942c28\" data-token-time=\"1778998255\" data-trp-original-action=\"\/ja\/wp-json\/wp\/v2\/product\/3077\"><noscript class=\"wpforms-error-noscript\">\u3053\u306e\u30d5\u30a9\u30fc\u30e0\u306b\u5165\u529b\u3059\u308b\u306b\u306f\u3001\u30d6\u30e9\u30a6\u30b6\u30fc\u3067 JavaScript \u3092\u6709\u52b9\u306b\u3057\u3066\u304f\u3060\u3055\u3044\u3002<\/noscript><\/p>\n<div class=\"wpforms-field-container\">\n<div id=\"wpforms-561-field_0-container\" class=\"wpforms-field wpforms-field-name\" data-field-id=\"0\"><label class=\"wpforms-field-label\" for=\"wpforms-561-field_0\">\u540d\u5b57 <span class=\"wpforms-required-label\">*<\/span><\/label><input type=\"text\" id=\"wpforms-561-field_0\" class=\"wpforms-field-large wpforms-field-required\" name=\"wpforms[fields][0]\" required><\/div>\n<div id=\"wpforms-561-field_5-container\" class=\"wpforms-field wpforms-field-text\" data-field-id=\"5\"><label class=\"wpforms-field-label\" for=\"wpforms-561-field_5\">\u96fb\u8a71 <span class=\"wpforms-required-label\">*<\/span><\/label><input type=\"text\" id=\"wpforms-561-field_5\" class=\"wpforms-field-large wpforms-field-required\" name=\"wpforms[fields][5]\" required><\/div>\n<div id=\"wpforms-561-field_1-container\" class=\"wpforms-field wpforms-field-email\" data-field-id=\"1\"><label class=\"wpforms-field-label\" for=\"wpforms-561-field_1\">\u96fb\u5b50\u30e1\u30fc\u30eb  <span class=\"wpforms-required-label\">*<\/span><\/label><input type=\"email\" id=\"wpforms-561-field_1\" class=\"wpforms-field-large wpforms-field-required\" name=\"wpforms[fields][1]\" spellcheck=\"false\" required><\/div>\n<div id=\"wpforms-561-field_3-container\" class=\"wpforms-field wpforms-field-text\" data-field-id=\"3\"><label class=\"wpforms-field-label\" for=\"wpforms-561-field_3\">\u30bd\u30fc\u30b9\u30da\u30fc\u30b8<\/label><input type=\"text\" id=\"wpforms-561-field_3\" class=\"wpforms-field-large\" name=\"wpforms[fields][3]\" value=\"https:\/\/tzyxhz.com\/ja\/wp-json\/wp\/v2\/product\/3077 \uff0c\u60a8\u7684IP\u662f216.73.216.105\" ><\/div>\n<div id=\"wpforms-561-field_2-container\" class=\"wpforms-field wpforms-field-textarea\" data-field-id=\"2\"><label class=\"wpforms-field-label\" for=\"wpforms-561-field_2\">\u8a73\u7d30 <span class=\"wpforms-required-label\">*<\/span><\/label><textarea id=\"wpforms-561-field_2\" class=\"wpforms-field-large wpforms-field-required\" name=\"wpforms[fields][2]\" required><\/textarea><\/div>\n<\/div>\n<p><!-- .wpforms-field-container --><\/p>\n<div class=\"wpforms-submit-container\" ><input type=\"hidden\" name=\"wpforms[id]\" value=\"561\"><input type=\"hidden\" name=\"page_title\" value=\"\"><input type=\"hidden\" name=\"page_url\" value=\"https:\/\/tzyxhz.com\/ja\/wp-json\/wp\/v2\/product\/3077\"><button type=\"submit\" name=\"wpforms[submit]\" id=\"wpforms-submit-561\" class=\"wpforms-submit\" data-alt-text=\"\u8868\u5355\u6b63\u5728\u63d0\u4ea4\u4e2d...\" data-submit-text=\"\u63d0\u4ea4\u8868\u5355\" aria-live=\"assertive\" value=\"wpforms-submit\">\u30d5\u30a9\u30fc\u30e0\u3092\u9001\u4fe1<\/button><img decoding=\"async\" src=\"https:\/\/tzyxhz.com\/wp-content\/plugins\/wpforms-lite\/assets\/images\/submit-spin.svg\" class=\"wpforms-submit-spinner\" style=\"display: none;\" width=\"26\" height=\"26\" alt=\"\u8aad\u307f\u8fbc\u307f\u4e2d\"><\/div>\n<input type=\"hidden\" name=\"trp-form-language\" value=\"ja\"\/><\/form>\n<\/div>\n<p>  <!-- .wpforms-container --><\/p>","protected":false},"featured_media":3079,"template":"","meta":[],"product_brand":[],"product_cat":[41],"product_tag":[],"class_list":{"0":"post-3077","1":"product","2":"type-product","3":"status-publish","4":"has-post-thumbnail","6":"product_cat-qzdgxjgx","8":"first","9":"instock","10":"shipping-taxable","11":"product-type-simple"},"_links":{"self":[{"href":"https:\/\/tzyxhz.com\/ja\/wp-json\/wp\/v2\/product\/3077","targetHints":{"allow":["GET"]}}],"collection":[{"href":"https:\/\/tzyxhz.com\/ja\/wp-json\/wp\/v2\/product"}],"about":[{"href":"https:\/\/tzyxhz.com\/ja\/wp-json\/wp\/v2\/types\/product"}],"wp:featuredmedia":[{"embeddable":true,"href":"https:\/\/tzyxhz.com\/ja\/wp-json\/wp\/v2\/media\/3079"}],"wp:attachment":[{"href":"https:\/\/tzyxhz.com\/ja\/wp-json\/wp\/v2\/media?parent=3077"}],"wp:term":[{"taxonomy":"product_brand","embeddable":true,"href":"https:\/\/tzyxhz.com\/ja\/wp-json\/wp\/v2\/product_brand?post=3077"},{"taxonomy":"product_cat","embeddable":true,"href":"https:\/\/tzyxhz.com\/ja\/wp-json\/wp\/v2\/product_cat?post=3077"},{"taxonomy":"product_tag","embeddable":true,"href":"https:\/\/tzyxhz.com\/ja\/wp-json\/wp\/v2\/product_tag?post=3077"}],"curies":[{"name":"wp","href":"https:\/\/api.w.org\/{rel}","templated":true}]}}